{"id":1482,"date":"2022-07-08T08:33:32","date_gmt":"2022-07-08T11:33:32","guid":{"rendered":"https:\/\/3vv.com.br\/novo\/?page_id=1482"},"modified":"2026-05-03T11:09:59","modified_gmt":"2026-05-03T14:09:59","slug":"porque-3vv","status":"publish","type":"page","link":"https:\/\/3vv.com.br\/novo\/porque-3vv\/","title":{"rendered":"Porque 3VV"},"content":{"rendered":"<div class=\"wpb-content-wrapper\"><p>[vc_row][vc_column][vc_column_text]<\/p>\n<div class=\"wpb_text_column wpb_content_element wpb_animate_when_almost_visible wpb_fadeIn fadeIn wpb_start_animation animated\">\n<div class=\"wpb_wrapper\">\n<div class=\"wpb_text_column wpb_content_element wpb_animate_when_almost_visible wpb_fadeIn fadeIn wpb_start_animation animated\">\n<div class=\"wpb_wrapper\"><strong><br \/>\n<span style=\"color: #f00; font-weight: bold; font-size: 27px;\">Tornar-se a refer\u00eancia absoluta <\/span><span style=\"color: #115f38; font-weight: 400; font-size: 27px;\">para Conselheiros, S\u00f3cios, Torcedores e M\u00eddia nos temas de <\/span><span style=\"color: #f00; font-weight: bold; font-size: 27px;\">Gest\u00e3o, Finan\u00e7as e Patrim\u00f4nio <\/span><span style=\"color: #115f38; font-weight: 400; font-size: 27px;\">da Sociedade Esportiva Palmeiras.<\/span><\/strong><\/div>\n<\/div>\n<\/div>\n<\/div>\n<div><\/div>\n<div><\/div>\n<div class=\"wpb_text_column wpb_content_element wpb_animate_when_almost_visible wpb_fadeIn fadeIn wpb_start_animation animated\">\n<div class=\"wpb_wrapper\">\n<div class=\"wpb_text_column wpb_content_element wpb_animate_when_almost_visible wpb_fadeIn fadeIn wpb_start_animation animated\">\n<div class=\"wpb_wrapper\">Pretens\u00e3o? Talvez!<\/div>\n<div><\/div>\n<\/div>\n<div class=\"wpb_text_column wpb_content_element \">\n<div class=\"wpb_wrapper\">\n<p>Mas vamos retroceder um pouco. H\u00e1 mais de 15 anos e com o crescimento da internet, as listas de e-mails de palmeirenses come\u00e7aram a se transformar em ve\u00edculos de m\u00eddia para informar sobre nosso time aos torcedores. Surgiram alguns blogs e sites entre 2001 e 2005 que buscavam mostrar as not\u00edcias do Palmeiras em o vi\u00e9s negativo que alguns ve\u00edculos da grande m\u00eddia mostravam.<\/p>\n<p>Era uma tend\u00eancia mundial naquela \u00e9poca a cria\u00e7\u00e3o de blogs verticais, cada vez mais segmentados, com not\u00edcias, conte\u00fado, informa\u00e7\u00e3o voltada para aquele p\u00fablico espec\u00edfico. Assim com a populariza\u00e7\u00e3o da internet, veio o crescimento da chamada \u201cm\u00eddia palestrina\u201d um local onde o palmeirense poderia interagir e ler informa\u00e7\u00f5es sobre o Palmeiras, sem o vi\u00e9s \u201cnegativo\u201d ou anti palmeirense de alguns ve\u00edculos. Em fevereiro de 2007 surgiu o precursor do 3VV, naquele momento o terceiraviaverdao.blogspot.com, com um vi\u00e9s mais segmentado ainda: o de informar e discutir gest\u00e3o.<\/p>\n<p>Na d\u00e9cada de 2010, com o crescimento intenso das redes sociais, esses blogs\/sites foram se multiplicando. E tamb\u00e9m se monetizando. Hoje h\u00e1 uma infinidade de locais onde o palmeirense pode ir e ler ou interagir sobre o Palmeiras. Mas com a prolifera\u00e7\u00e3o veio uma deforma\u00e7\u00e3o: quem informa corretamente e quem replica informa\u00e7\u00e3o? Quem tem interesse, tempo, e recurso para aprofundar an\u00e1lises? Quem est\u00e1 interessado em audi\u00eancia e page views \u2013 ou clicks \u2013 e quem abre m\u00e3o dessa monetiza\u00e7\u00e3o para informar corretamente e sem \u201cnot\u00edcias bomb\u00e1sticas\u201d?<\/p>\n<p>Aqui entra o 3VV: nossa miss\u00e3o \u00e9 \u201cser uma fonte fidedigna de informa\u00e7\u00e3o ao palmeirense sobre temas como gest\u00e3o, marketing, finan\u00e7as, governan\u00e7a, sem vi\u00e9s pol\u00edtico e principalmente sem desejo de alavancar page views com fake news ou not\u00edcias bomb\u00e1sticas. E por \u00faltimos, mas n\u00e3o menos importante, preservando e defendendo, sempre, as cores, a hist\u00f3ria e a institui\u00e7\u00e3o SE Palmeiras\u201d.<\/p>\n<\/div>\n<\/div>\n<\/div>\n<\/div>\n<p>[\/vc_column_text][\/vc_column][\/vc_row]<\/p>\n<\/div>","protected":false},"excerpt":{"rendered":"<p>[vc_row][vc_column][vc_column_text] Tornar-se a refer\u00eancia absoluta para Conselheiros, S\u00f3cios, Torcedores e M\u00eddia nos temas de Gest\u00e3o, Finan\u00e7as e Patrim\u00f4nio da Sociedade Esportiva Palmeiras. Pretens\u00e3o? Talvez! Mas vamos retroceder um pouco. H\u00e1 mais de 15 anos e com o crescimento da internet, as listas de e-mails de palmeirenses come\u00e7aram a se transformar em ve\u00edculos de m\u00eddia para&#8230;<\/p>\n","protected":false},"author":1,"featured_media":0,"parent":0,"menu_order":0,"comment_status":"closed","ping_status":"closed","template":"template-full-width.php","meta":{"h5ap_radio_sources":[],"footnotes":""},"class_list":["post-1482","page","type-page","status-publish","hentry"],"acf":[],"aioseo_notices":[],"_links":{"self":[{"href":"https:\/\/3vv.com.br\/novo\/wp-json\/wp\/v2\/pages\/1482","targetHints":{"allow":["GET"]}}],"collection":[{"href":"https:\/\/3vv.com.br\/novo\/wp-json\/wp\/v2\/pages"}],"about":[{"href":"https:\/\/3vv.com.br\/novo\/wp-json\/wp\/v2\/types\/page"}],"author":[{"embeddable":true,"href":"https:\/\/3vv.com.br\/novo\/wp-json\/wp\/v2\/users\/1"}],"replies":[{"embeddable":true,"href":"https:\/\/3vv.com.br\/novo\/wp-json\/wp\/v2\/comments?post=1482"}],"version-history":[{"count":12,"href":"https:\/\/3vv.com.br\/novo\/wp-json\/wp\/v2\/pages\/1482\/revisions"}],"predecessor-version":[{"id":42759,"href":"https:\/\/3vv.com.br\/novo\/wp-json\/wp\/v2\/pages\/1482\/revisions\/42759"}],"wp:attachment":[{"href":"https:\/\/3vv.com.br\/novo\/wp-json\/wp\/v2\/media?parent=1482"}],"curies":[{"name":"wp","href":"https:\/\/api.w.org\/{rel}","templated":true}]}}