{"id":38404,"date":"2023-07-27T17:36:30","date_gmt":"2023-07-27T20:36:30","guid":{"rendered":"https:\/\/3vv.com.br\/novo\/?page_id=38404"},"modified":"2026-05-03T10:38:11","modified_gmt":"2026-05-03T13:38:11","slug":"politica-cof-conselho-deliberativo","status":"publish","type":"page","link":"https:\/\/3vv.com.br\/novo\/politica-cof-conselho-deliberativo\/","title":{"rendered":"Pol\u00edtica"},"content":{"rendered":"<div class=\"rsc_message\">Voc\u00ea precisa de permiss\u00f5es para visualizar este conte\u00fado.<\/div>","protected":false},"excerpt":{"rendered":"<p>Voc\u00ea precisa de permiss\u00f5es para visualizar este conte\u00fado.<\/p>\n","protected":false},"author":1,"featured_media":0,"parent":0,"menu_order":0,"comment_status":"closed","ping_status":"closed","template":"","meta":{"h5ap_radio_sources":[],"footnotes":""},"class_list":["post-38404","page","type-page","status-publish","hentry"],"acf":[],"aioseo_notices":[],"_links":{"self":[{"href":"https:\/\/3vv.com.br\/novo\/wp-json\/wp\/v2\/pages\/38404","targetHints":{"allow":["GET"]}}],"collection":[{"href":"https:\/\/3vv.com.br\/novo\/wp-json\/wp\/v2\/pages"}],"about":[{"href":"https:\/\/3vv.com.br\/novo\/wp-json\/wp\/v2\/types\/page"}],"author":[{"embeddable":true,"href":"https:\/\/3vv.com.br\/novo\/wp-json\/wp\/v2\/users\/1"}],"replies":[{"embeddable":true,"href":"https:\/\/3vv.com.br\/novo\/wp-json\/wp\/v2\/comments?post=38404"}],"version-history":[{"count":6,"href":"https:\/\/3vv.com.br\/novo\/wp-json\/wp\/v2\/pages\/38404\/revisions"}],"predecessor-version":[{"id":42751,"href":"https:\/\/3vv.com.br\/novo\/wp-json\/wp\/v2\/pages\/38404\/revisions\/42751"}],"wp:attachment":[{"href":"https:\/\/3vv.com.br\/novo\/wp-json\/wp\/v2\/media?parent=38404"}],"curies":[{"name":"wp","href":"https:\/\/api.w.org\/{rel}","templated":true}]}}